{"id":709,"date":"2014-11-09T15:23:30","date_gmt":"2014-11-09T14:23:30","guid":{"rendered":"http:\/\/wellspringmassage.ch\/wordpress\/?page_id=709"},"modified":"2014-12-18T10:14:44","modified_gmt":"2014-12-18T09:14:44","slug":"angebot","status":"publish","type":"page","link":"http:\/\/wellspringmassage.ch\/wordpress\/de\/angebot\/","title":{"rendered":"Angebot"},"content":{"rendered":"<div id='full_slider_1'  class='avia-fullwidth-slider main_color avia-shadow   avia-builder-el-0  el_before_av_heading  avia-builder-el-first   container_wrap sidebar_right'  ><div  class='avia-slideshow av-av_slideshow_full-4f3ef5c0d0c5e5a45e27d5f99336c2be avia-slideshow-featured av_slideshow_full avia-slide-slider av-slideshow-ui av-control-default av-slideshow-manual av-loop-once av-loop-manual-endless av-default-height-applied   avia-slideshow-1' data-slideshow-options=\"{&quot;animation&quot;:&quot;slide&quot;,&quot;autoplay&quot;:false,&quot;loop_autoplay&quot;:&quot;once&quot;,&quot;interval&quot;:5,&quot;loop_manual&quot;:&quot;manual-endless&quot;,&quot;autoplay_stopper&quot;:false,&quot;noNavigation&quot;:false,&quot;bg_slider&quot;:false,&quot;keep_padding&quot;:false,&quot;hoverpause&quot;:false,&quot;show_slide_delay&quot;:0}\"  itemprop=\"image\" itemscope=\"itemscope\" itemtype=\"https:\/\/schema.org\/ImageObject\" ><ul class='avia-slideshow-inner ' style='padding-bottom: 28.666666666667%;'><li  class='avia-slideshow-slide av-av_slideshow_full-4f3ef5c0d0c5e5a45e27d5f99336c2be__0  av-single-slide slide-1 slide-odd'><div data-rel='slideshow-1' class='avia-slide-wrap '   ><div class='av-slideshow-caption av-av_slideshow_full-4f3ef5c0d0c5e5a45e27d5f99336c2be__0 caption_fullwidth caption_right caption_right_framed caption_framed'><div class=\"container caption_container\"><div class=\"slideshow_caption\"><div class=\"slideshow_inner_caption\"><div class=\"slideshow_align_caption\"><h2 class='avia-caption-title '  itemprop=\"name\" >Renew...<\/h2><div class='avia-caption-content '  itemprop=\"description\" ><p>do nothing with the body but relax<br \/>\nlet the mind remain in its unformed state<br \/>\nbecome like a hollow bamboo so that everything flows through.<\/p>\n<p>\u2014 Tilopa, the Song of the Mahamudra<\/p>\n<\/div><\/div><\/div><\/div><\/div><\/div><img decoding=\"async\" fetchpriority=\"high\" class=\"wp-image-345 avia-img-lazy-loading-not-345\"  src=\"http:\/\/wellspringmassage.ch\/wordpress\/wp-content\/uploads\/2014\/09\/3d-bodies-rainbow-1500x430.jpg\" width=\"1500\" height=\"430\" title='3d bodies rainbow' alt=''  itemprop=\"thumbnailUrl\"   \/><\/div><\/li><\/ul><\/div><\/div><div id='after_full_slider_1'  class='main_color av_default_container_wrap container_wrap sidebar_right'  ><div class='container av-section-cont-open' ><div class='template-page content  av-content-small alpha units'><div class='post-entry post-entry-type-page post-entry-709'><div class='entry-content-wrapper clearfix'>\n\n<style type=\"text\/css\" data-created_by=\"avia_inline_auto\" id=\"style-css-av-av_heading-9f66c009778c6c35675d82a0bd79dcf5\">\n#top .av-special-heading.av-av_heading-9f66c009778c6c35675d82a0bd79dcf5{\npadding-bottom:10px;\n}\nbody .av-special-heading.av-av_heading-9f66c009778c6c35675d82a0bd79dcf5 .av-special-heading-tag .heading-char{\nfont-size:25px;\n}\n.av-special-heading.av-av_heading-9f66c009778c6c35675d82a0bd79dcf5 .av-subheading{\nfont-size:15px;\n}\n<\/style>\n<div  class='av-special-heading av-av_heading-9f66c009778c6c35675d82a0bd79dcf5 av-special-heading-h3  avia-builder-el-1  el_after_av_slideshow_full  el_before_av_textblock  avia-builder-el-first '><h3 class='av-special-heading-tag '  itemprop=\"headline\"  >Behandlungsm\u00f6glichkeiten bei Wellspring Massage<\/h3><div class=\"special-heading-border\"><div class=\"special-heading-inner-border\"><\/div><\/div><\/div>\n<section  class='av_textblock_section av-av_textblock-0366cc7376be6c9e82a3e9cc8987b64f '   itemscope=\"itemscope\" itemtype=\"https:\/\/schema.org\/CreativeWork\" ><div class='avia_textblock'  itemprop=\"text\" ><p>Sind Sie ein ambitionierter Sportler \/ Sportlerin, oder ein Freizeit Sportler? Halten Sie einfach Ausschau nach Entspannung und Erneuerung? Wir kreieren f\u00fcr Sie die passende Behandlung, gem\u00e4ss Ihren individuellen Bed\u00fcrfnissen und Zielsetzungen, mittels Auswahl folgender Behandlungsm\u00f6glichkeiten:<\/p>\n<p><strong>Klassische oder Schwedische Massage<\/strong><\/p>\n<p>Eignet sich zur allgemeinen Entspannung und Wellness. Die Klassische Massage bedient sich ausstreichender, knetender, rubbelnder Massagetechniken kombiniert mit sanfter aktiver Teilnahme und passiver Mobilisation der Gelenke.<\/p>\n<p><strong>Tiefengewebs-Massage<\/strong><\/p>\n<p>Bei dieser Behandlungsmethode wird die Aufmerksamkeit auf das tiefe Muskelgewebe gelegt. Wir machen Gebrauch von kurzen und festen Massagegriffe, mittels eines etwas st\u00e4rkeren Druckes, um chronische Anspannungsmuster der Muskeln zu l\u00f6sen.<\/p>\n<p><strong>Myofascial Entspannung<\/strong><\/p>\n<p>Mittels langsamen ausstreichenden und ziehenden Bewegungen liegt der Fokus auf der Lockerung des Bindegewebes und der sanften Mobilisation der Gelenke, was sich unmittelbar sp\u00fcrbar auf die Beweglichkeit und auf das Wohlbefinden auswirkt .<\/p>\n<p><strong>Self Care <\/strong>(Selbstbehandlung)<\/p>\n<p><strong>\u201eSelf Care\u201c<\/strong> beinhaltet das Erlernen von \u00dcbungen zum aktiven L\u00f6sen von Verspannungen, sowie um Fehlhaltungen zu korrigieren. Dies erweist sich als sehr effizient, um die erzielte Wirkung zwischen den Behandlungen auch im Alltag l\u00e4nger aufrecht zu erhalten. Eine gesunde K\u00f6rperspannung und eine gute K\u00f6rperhaltung wirken sich sehr positiv auf das allgemeine Wohlbefinden aus!<\/p>\n<p><strong>Sportmassage <\/strong><\/p>\n<p>Die Kombination von klassischer Massage, Tiefengewebs-Massage und Myofascial Behandlung eignet sich speziell f\u00fcr Athleten, Sportler und Tanz\/Bewegungsk\u00fcnstler. Die k\u00f6rperliche Leistungsf\u00e4higkeit wird effizient optimiert und die Behandlungen helfen Sportverletzungen zu vermindern oder gar zu vermeiden. Die spezifischen Vorteile\u00a0dieser Behandlungsmethode sind:<\/p>\n<ul>\n<li>Verbesserung der Blutzirkulation, Entspannung spezifischer Muskelgruppen und Erzielen von mentaler Klarheit vor dem sportlichen Anlass.<\/li>\n<li>Unterst\u00fctzung des K\u00f6rpers bei Erholung nach einem Work-out oder nach einem verausgabenden Sportevent.<\/li>\n<li>Tiefgreifende Muskelentspannung und Reduktion eines metabolischen \u00dcberschusses durch \u00dcberanstrengung.<\/li>\n<li>Schl\u00fcsselkomponente in der Rehabilitation nach einer Weichteilverletzung.<\/li>\n<\/ul>\n<p><strong>Massage f\u00fcr Kinder (P\u00e4diatrische Massage)<\/strong><\/p>\n<p>Kinder k\u00f6nnen ebenso von der wohltuenden Wirkung einer Massage profitieren. Auch sie geniessen die spielerische, respektvolle Ber\u00fchrung und Zuwendung, welche zum Ziel hat sie in ihrer k\u00f6rperlichen und emotionalen Entwicklung zu unterst\u00fctzen. Studien haben erwiesen, dass Massage f\u00fcr die kindliche Wachstumsentwicklung sehr hilfreich ist. Jane und Peter sind beide international zertifiziert in P\u00e4diatrischer Massage durch die \u201e<strong><a href=\"http:\/\/www.liddlekidz.com\/about-liddle-kidz.html\" target=\"_blank\">Liddle Kidz Foundation<\/a>\u201c. <\/strong><\/p>\n<\/div><\/section>\n<div  class='avia-testimonial-wrapper av-av_testimonials-f7c85b12c3e312912b69ca0d636c61bd avia-grid-testimonials avia-grid-2-testimonials avia_animate_when_almost_visible' >\n<section class=\"avia-testimonial-row\"><div class='avia-testimonial av-av_testimonial_single-83de07aa30274504c0ba36dcf1f37205 avia-testimonial-row-1 avia-first-testimonial flex_column no_margin av_one_half'><div class='avia-testimonial_inner'  itemscope=\"itemscope\" itemtype=\"https:\/\/schema.org\/CreativeWork\" ><div class='avia-testimonial-image'  itemprop=\"image\" ><img loading=\"lazy\" decoding=\"async\" width=\"180\" height=\"180\" src=\"http:\/\/wellspringmassage.ch\/wordpress\/wp-content\/uploads\/2014\/09\/soil-hand-detail-2-180x180.jpg\" class=\"attachment-square size-square\" alt=\"\" srcset=\"http:\/\/wellspringmassage.ch\/wordpress\/wp-content\/uploads\/2014\/09\/soil-hand-detail-2-180x180.jpg 180w, http:\/\/wellspringmassage.ch\/wordpress\/wp-content\/uploads\/2014\/09\/soil-hand-detail-2-80x80.jpg 80w, http:\/\/wellspringmassage.ch\/wordpress\/wp-content\/uploads\/2014\/09\/soil-hand-detail-2-36x36.jpg 36w, http:\/\/wellspringmassage.ch\/wordpress\/wp-content\/uploads\/2014\/09\/soil-hand-detail-2-120x120.jpg 120w\" sizes=\"auto, (max-width: 180px) 100vw, 180px\" \/><\/div><div class='avia-testimonial-content '><div class='avia-testimonial-markup-entry-content'  itemprop=\"text\" ><p><em>\u201eLiebe Jane, herzlichen Dank f\u00fcr Deine wundervolle und wohltuende Massage! Ich werde Dich auf jeden Fall weiterempfehlen.<\/em><\/p>\n<\/div><\/div><div class=\"avia-testimonial-meta\"><div class=\"avia-testimonial-arrow-wrap\"><div class=\"avia-arrow\"><\/div><\/div><div class='avia-testimonial-meta-mini'  itemprop=\"author\" itemscope=\"itemscope\" itemtype=\"https:\/\/schema.org\/Person\" ><strong  class='avia-testimonial-name'  itemprop=\"name\" >SN, St\u00e4fa<\/strong><span  class='avia-testimonial-subtitle '  itemprop=\"jobTitle\" >Ergotherapeutin<\/span><\/div><\/div><\/div><\/div>\n<\/section><\/div>\n","protected":false},"excerpt":{"rendered":"","protected":false},"author":2,"featured_media":0,"parent":0,"menu_order":0,"comment_status":"closed","ping_status":"closed","template":"","meta":{"_monsterinsights_skip_tracking":false,"_monsterinsights_sitenote_active":false,"_monsterinsights_sitenote_note":"","_monsterinsights_sitenote_category":0,"footnotes":""},"class_list":["post-709","page","type-page","status-publish","hentry"],"_links":{"self":[{"href":"http:\/\/wellspringmassage.ch\/wordpress\/de\/wp-json\/wp\/v2\/pages\/709","targetHints":{"allow":["GET"]}}],"collection":[{"href":"http:\/\/wellspringmassage.ch\/wordpress\/de\/wp-json\/wp\/v2\/pages"}],"about":[{"href":"http:\/\/wellspringmassage.ch\/wordpress\/de\/wp-json\/wp\/v2\/types\/page"}],"author":[{"embeddable":true,"href":"http:\/\/wellspringmassage.ch\/wordpress\/de\/wp-json\/wp\/v2\/users\/2"}],"replies":[{"embeddable":true,"href":"http:\/\/wellspringmassage.ch\/wordpress\/de\/wp-json\/wp\/v2\/comments?post=709"}],"version-history":[{"count":12,"href":"http:\/\/wellspringmassage.ch\/wordpress\/de\/wp-json\/wp\/v2\/pages\/709\/revisions"}],"predecessor-version":[{"id":1800,"href":"http:\/\/wellspringmassage.ch\/wordpress\/de\/wp-json\/wp\/v2\/pages\/709\/revisions\/1800"}],"wp:attachment":[{"href":"http:\/\/wellspringmassage.ch\/wordpress\/de\/wp-json\/wp\/v2\/media?parent=709"}],"curies":[{"name":"wp","href":"https:\/\/api.w.org\/{rel}","templated":true}]}}